{"id":177,"date":"2022-03-04T16:22:59","date_gmt":"2022-03-04T15:22:59","guid":{"rendered":"https:\/\/www.ministeredelareconciliation.fr\/mdlrstore\/?page_id=177"},"modified":"2023-12-12T16:46:25","modified_gmt":"2023-12-12T15:46:25","slug":"cgv-du-mdlr-store","status":"publish","type":"page","link":"https:\/\/www.ministeredelareconciliation.fr\/mdlrstore\/?page_id=177","title":{"rendered":"CGV"},"content":{"rendered":"\n<p>Ces conditions g\u00e9n\u00e9rales de ventes sont adapt\u00e9es aux besoins de l&rsquo;association Minist\u00e8re De La R\u00e9conciliation Mouvement De Disciples Pour J\u00e9sus-Christ (M.D.L.R.) immatricul\u00e9 \u00e0 la pr\u00e9fecture sous le num\u00e9ro : W751263891.<\/p>\n\n\n\n<p>Le M.D.L.R est une association de loi 1901 \u00e0 but non lucratif.<\/p>\n\n\n\n<p class=\"has-white-color has-black-background-color has-text-color has-background has-link-color wp-elements-1ca9071d537767cb37a175136d2a1ffa\">Les ventes directes sont des produits propos\u00e9es par le M.D.L.R. , sur le site internet \u00ab\u00a0https:\/\/www.ministeredelareconciliation.fr\/mdlrstore\/\u00a0\u00bb. Les prix affich\u00e9s sont ceux  du M.D.L.R. . Tous les articles sont affich\u00e9s en ht.<\/p>\n\n\n\n<p class=\"has-white-color has-black-background-color has-text-color has-background has-link-color wp-elements-f48941902025ccbd142a872e2cbc23eb\">Ils sont identifi\u00e9s par la mention \u00ab\u00a0VENTE M.D.L.R.\u00a0\u00bb. . L&rsquo;association finance son fonctionnement, d\u00e9veloppent et ses diverses actions, en proposant divers produits ayant la mention \u00ab\u00a0VENTE M.D.L.R.\u00a0\u00bb. Les ventes contenant la mention \u00ab\u00a0VENTE M.D.L.R.\u00a0\u00bb sont int\u00e9gralement g\u00e9r\u00e9es par l&rsquo;association.<\/p>\n\n\n\n<p class=\"has-white-color has-cyan-bluish-gray-background-color has-text-color has-background has-link-color wp-elements-edf53beb5971ddfb3bf3c16ce886f70e\">Les ventes indirectes sont des produits propos\u00e9es par des partenaires du M.D.L.R. sur le site internet \u00ab\u00a0https:\/\/www.ministeredelareconciliation.fr\/mdlrstore\/\u00a0\u00bb. Les prix affich\u00e9s sont ceux des partenaires et non ceux du M.D.L.R. . Tous les articles sont affich\u00e9s en ht.<\/p>\n\n\n\n<p class=\"has-white-color has-cyan-bluish-gray-background-color has-text-color has-background has-link-color wp-elements-f2d35218ae57ce3eb6337edb660a668f\">Ils sont identifi\u00e9s par la mention \u00ab\u00a0VENTE PARTENAIRE\u00a0\u00bb. L&rsquo;association ne prend aucune commission sur les ventes dites \u00ab\u00a0VENTE PARTENAIRE\u00a0\u00bb. L&rsquo;association finance son fonctionnement , d\u00e9veloppement et ses actions, en proposant \u00e0 ses partenaires un forfait mensuel pour l&rsquo;utilisation de sa boutique en ligne. Les ventes effectu\u00e9es par ses partenaires, leurs sont int\u00e9gralement transf\u00e9r\u00e9, moins la commission des partenaires PayPal et La Banque Postale.<\/p>\n\n\n\n<p class=\"has-white-color has-black-background-color has-text-color has-background has-link-color wp-elements-2eaf55d62929bc8ada6143192903b241\">Les produits vendus par l&rsquo;association M.D.L.R. et ayant la mention <strong>\u00ab\u00a0VENTE M.D.L.R.\u00a0\u00bb<\/strong> , peuvent \u00eatre t\u00e9l\u00e9charg\u00e9s quasiment en illimit\u00e9.<\/p>\n\n\n\n<p class=\"has-white-color has-cyan-bluish-gray-background-color has-text-color has-background has-link-color wp-elements-afd977cd8f09b2bc7ff0eacae15f647e\">Les produits vendus par les partenaires de l&rsquo;association M.D.L.R. et ayant la mention <strong>\u00ab\u00a0VENTE PARTENAIRE\u00a0\u00bb<\/strong> , peuvent \u00eatre t\u00e9l\u00e9charg\u00e9 dans une dur\u00e9e limit\u00e9, suivant les partenaires du M.D.L.R. .<\/p>\n\n\n\n<p class=\"has-white-color has-black-background-color has-text-color has-background has-link-color wp-elements-485ada2b03223e4100a3848935e9ee7e\">En cas de litige avec un des produits vendus par l&rsquo;association M.D.L.R. et ayant la mention <strong>\u00ab\u00a0VENTE M.D.L.R.\u00a0\u00bb<\/strong> , veuillez nous contacter \u00e0 contact@ministeredelareconciliation.fr<\/p>\n\n\n\n<p class=\"has-white-color has-cyan-bluish-gray-background-color has-text-color has-background has-link-color wp-elements-596f0d2d9fffa278877d821eaa3ccba7\">En cas de litige avec un des produits vendus par les partenaires de l&rsquo;association M.D.L.R. et ayant la mention <strong>\u00ab\u00a0VENTE PARTENAIRE\u00a0\u00bb<\/strong>, veuillez contacter le revendeur.<\/p>\n\n\n\n<p class=\"has-white-color has-text-color has-background has-link-color wp-elements-72c8a96bcff6b9290081a77f352a07c0\" style=\"background:linear-gradient(135deg,rgb(238,238,238) 0%,rgb(22,21,21) 59%,rgb(169,184,195) 81%)\">Tous les membres de la boutique MDLR STORE ont droit \u00e0 un *espace client o\u00f9 ils pourront g\u00e9rer et suivre leurs commandes, *renouveler un ou plusieurs t\u00e9l\u00e9chargement(s), modifier leur adresse, voir le d\u00e9tail du compte et modifier le mot de passe.<\/p>\n\n\n\n<p class=\"has-white-color has-text-color has-background has-link-color wp-elements-302d3805736fb50cbf702eba1b850b84\" style=\"background:linear-gradient(135deg,rgb(238,238,238) 1%,rgb(13,10,10) 41%,rgb(169,184,195) 67%)\">Que ce soit une \u00ab\u00a0VENTE M.D.L.R.\u00a0\u00bb ou une \u00ab\u00a0VENTE PARTENAIRE\u00a0\u00bb, les moyens de payements sont : par CB, compte PayPal ou virement bancaire. Les paiements par CB et compte Paypal sont assur\u00e9s et s\u00e9curis\u00e9s par notre partenaire PayPal et les virements bancaires sont assur\u00e9s et s\u00e9curis\u00e9 par votre banque.<\/p>\n\n\n\n<p class=\"has-white-color has-black-background-color has-text-color has-background has-link-color wp-elements-21bd5d4a7b3d2cc7ee5a0b28118a7783\">Les produits vendus par l&rsquo;association M.D.L.R. et ayant la mention <strong>\u00ab\u00a0VENTE M.D.L.R.\u00a0\u00bb<\/strong> ne sont ni remboursables ni \u00e9changeables. Nous ne fournissons aucun service apr\u00e8s-vente.<\/p>\n\n\n\n<p class=\"has-white-color has-cyan-bluish-gray-background-color has-text-color has-background has-link-color wp-elements-3490d6f20be23e0e1db1383c1bd1ac70\">Les produits vendus par les partenaires de l&rsquo;association M.D.L.R. et ayant la mention <strong>\u00ab\u00a0VENTE PARTENAIRE\u00a0\u00bb<\/strong> peuvent \u00eatre rembours\u00e9s ou \u00e9chang\u00e9s en contactant directement le vendeur et non l&rsquo;association.<\/p>\n\n\n\n<p class=\"has-white-color has-cyan-bluish-gray-background-color has-text-color has-background has-link-color wp-elements-252c39dabf89aeb8b4030086a252e907\">Nous vous informons que les ventes ayants la mention <strong>\u00ab\u00a0VENTE M.D.L.R.\u00a0\u00bb<\/strong> et effectu\u00e9es sur cette boutique en ligne (M.D.L.R STORE) ne sont pas \u00e0 but lucratif. <\/p>\n\n\n\n<p class=\"has-white-color has-cyan-bluish-gray-background-color has-text-color has-background has-link-color wp-elements-af9391f2f4ee6a59d5416cc136cfcf73\">Les ventes ayant la mention <strong>\u00ab\u00a0VENTE PARTENAIRE\u00a0\u00bb<\/strong>, peuvent \u00eatre faites par des particuliers ou des professionnelles. Si ce sont des professionnelles, un num\u00e9ro de Siret ou de siren ainsi que la d\u00e9nomination de l&rsquo;entreprise seront inscrit \u00e0 chaque article de vente. Les particuliers devront fournir un non de marchand unique pour leurs articles de vente. <\/p>\n\n\n\n<p class=\"has-white-color has-cyan-bluish-gray-background-color has-text-color has-background has-link-color wp-elements-1eae7c2a2854f54c1e10f5219a74ea63\">L&rsquo;association M.D.L.R. est mandat\u00e9e par ses partenaires afin de proposer \u00e0 la vente sur sa boutique en ligne, des produis religieux. L&rsquo;association ne prend ni de pourcentage ni de commission dessus. Les sommes per\u00e7ues par les ventes ayants la mention <strong>\u00ab\u00a0VENTE PARTENAIRE\u00a0\u00bb<\/strong>, sont transf\u00e9r\u00e9es aux partenaires concern\u00e9s par ces ventes.<\/p>\n\n\n\n<p class=\"has-white-color has-black-background-color has-text-color has-background has-link-color wp-elements-c339ceae5b8919011320e06ddbd0fc59\">Nous nous gardons le droit de modifier les conditions de ces pr\u00e9sentes CGV, afin de les adapter aux besoins de l&rsquo;association M.D.L.R actuelle et future. Nous nous gardons aussi le droit de refuser certains partenaires car l&rsquo;ambition de cette boutique n&rsquo;est pas lucrative.<\/p>\n\n\n\n<p>*espace client : (*le membre doit s&rsquo;inscrire sur la boutique pour acc\u00e9der \u00e0 cette fonction)<\/p>\n\n\n\n<p>*renouveler un ou plusieurs t\u00e9l\u00e9chargement(s) : (* se r\u00e9f\u00e9rer au type de vendeur \u00ab\u00a0VENTE M.D.L.R.\u00a0\u00bb ou \u00ab\u00a0VENTE PARTENAIRE\u00a0\u00bb)<\/p>\n\n\n\n<p>Que Dieu vous b\u00e9nisse,<\/p>\n\n\n\n<p>Pasteur Serge<\/p>\n","protected":false},"excerpt":{"rendered":"<p>Ces conditions g\u00e9n\u00e9rales de ventes sont adapt\u00e9es aux besoins de l&rsquo;association Minist\u00e8re De La R\u00e9conciliation Mouvement De Disciples Pour J\u00e9sus-Christ (M.D.L.R.) immatricul\u00e9 \u00e0 la pr\u00e9fecture sous le num\u00e9ro : W751263891. Le M.D.L.R est une association de loi 1901 \u00e0 but non lucratif. Les ventes directes sont des produits propos\u00e9es par le M.D.L.R. , sur le [&hellip;]<\/p>\n","protected":false},"author":1,"featured_media":0,"parent":0,"menu_order":0,"comment_status":"closed","ping_status":"closed","template":"","meta":{"footnotes":""},"class_list":["post-177","page","type-page","status-publish","hentry"],"jetpack_sharing_enabled":true,"jetpack_likes_enabled":true,"_links":{"self":[{"href":"https:\/\/www.ministeredelareconciliation.fr\/mdlrstore\/index.php?rest_route=\/wp\/v2\/pages\/177","targetHints":{"allow":["GET"]}}],"collection":[{"href":"https:\/\/www.ministeredelareconciliation.fr\/mdlrstore\/index.php?rest_route=\/wp\/v2\/pages"}],"about":[{"href":"https:\/\/www.ministeredelareconciliation.fr\/mdlrstore\/index.php?rest_route=\/wp\/v2\/types\/page"}],"author":[{"embeddable":true,"href":"https:\/\/www.ministeredelareconciliation.fr\/mdlrstore\/index.php?rest_route=\/wp\/v2\/users\/1"}],"replies":[{"embeddable":true,"href":"https:\/\/www.ministeredelareconciliation.fr\/mdlrstore\/index.php?rest_route=%2Fwp%2Fv2%2Fcomments&post=177"}],"version-history":[{"count":8,"href":"https:\/\/www.ministeredelareconciliation.fr\/mdlrstore\/index.php?rest_route=\/wp\/v2\/pages\/177\/revisions"}],"predecessor-version":[{"id":253,"href":"https:\/\/www.ministeredelareconciliation.fr\/mdlrstore\/index.php?rest_route=\/wp\/v2\/pages\/177\/revisions\/253"}],"wp:attachment":[{"href":"https:\/\/www.ministeredelareconciliation.fr\/mdlrstore\/index.php?rest_route=%2Fwp%2Fv2%2Fmedia&parent=177"}],"curies":[{"name":"wp","href":"https:\/\/api.w.org\/{rel}","templated":true}]}}