{"id":267,"date":"2023-12-18T21:49:03","date_gmt":"2023-12-18T20:49:03","guid":{"rendered":"https:\/\/www.ministeredelareconciliation.fr\/mdlrstore\/?page_id=267"},"modified":"2023-12-19T21:49:42","modified_gmt":"2023-12-19T20:49:42","slug":"partenariat-mdlr-store-conditions-dutilisation","status":"publish","type":"page","link":"https:\/\/www.ministeredelareconciliation.fr\/mdlrstore\/?page_id=267","title":{"rendered":"PARTENARIAT MDLR STORE &#8211; CONDITIONS D&rsquo;UTILISATION"},"content":{"rendered":"\n<p>Le <strong>MDLR STORE PARTENAIRES<\/strong>, est un partenariat que l\u2019association M.D.L.R. propose aux \u00e9glises, serviteurs et servantes de Dieu ainsi qu&rsquo;aux disciples de Christ, qui souhaitent vendre sur notre boutique associative en ligne <strong>\u00ab&nbsp;MDLR STORE&nbsp;\u00bb<\/strong>, des livres, albums, cours, enseignements et autres produits \u00e0 la destination du monde chr\u00e9tien.<\/p>\n\n\n\n<p>Nous mettons \u00e0 votre disposition notre boutique en ligne pour que vous puissiez y trouver vos futurs clients.<\/p>\n\n\n\n<p>Vous avez la possibilit\u00e9 de proposer \u00e0 la vente des produits num\u00e9riques ou physiques.<\/p>\n\n\n\n<h2 class=\"wp-block-heading\"><strong>ARTICLE 1 : COMMENT PROC\u00c9DER ?<\/strong><\/h2>\n\n\n\n<p>Vous devez nous contacter \u00e0 <a href=\"mailto:contact@ministeredelareconciliation.fr\">contact@ministeredelareconciliation.fr<\/a> avec comme objet <strong>\u00ab&nbsp;MDLR STORE PARTENAIRE&nbsp;\u00bb<\/strong> pour nous demander la cr\u00e9ation d\u2019un compte <strong>\u00ab&nbsp;PARTENAIRE&nbsp;\u00bb<\/strong>. <\/p>\n\n\n\n<p>Dans ce compte qui est un espace s\u00e9curis\u00e9, vous pourrez t\u00e9l\u00e9charger vos divers fichiers \u00e0 cette adresse : <a href=\"https:\/\/www.ministeredelareconciliation.fr\/mdlrstorepartenaires\/\">https:\/\/www.ministeredelareconciliation.fr\/mdlrstorepartenaires\/<\/a> , pour qu&rsquo;ils soient mis en vente sur notre boutique associative en ligne <strong>\u00ab&nbsp;MDLR STORE&nbsp;\u00bb<\/strong>.<\/p>\n\n\n\n<p>Veuillez nous pr\u00e9ciser le type de fichiers que vous souhaitez t\u00e9l\u00e9charger, afin que l&rsquo;on adapte la capacit\u00e9 de stockage de votre compte partenaire. <\/p>\n\n\n\n<h2 class=\"wp-block-heading\"><strong>ARTICLE 2 : LES TARIFS PROPOS\u00c9S POUR UTILISER NOTRE BOUTIQUE<\/strong> <strong>EN LIGNE<\/strong> <strong>M.D.L.R. STORE.<\/strong><\/h2>\n\n\n\n<p>Nous pr\u00e9cisons que l\u2019association M.D.L.R. est \u00e0 but non lucratif, les montants demand\u00e9s vont aider \u00e0 payer les diverses charges de l&rsquo;association M.D.L.R. et financer ses divers buts.<\/p>\n\n\n\n<h3 class=\"wp-block-heading\"><strong>A) FORMULE VENTE NUM\u00c9RIQUE 1 \/ <strong>Les ventes num\u00e9riques dont les fichiers sont stock\u00e9s sur notre propre serveur<\/strong>. Montant 25\u20ac\/ mois sans engagement.<\/strong><\/h3>\n\n\n\n<p>Le montant de 25\u20ac est valable uniquement pour un mois renouvelable et cela vous donne acc\u00e8s :<\/p>\n\n\n\n<p class=\"has-white-color has-cyan-bluish-gray-background-color has-text-color has-background has-link-color wp-elements-ba4be33d0155e627105e683a80fab3dd\">1- \u00c0 un service de partage s\u00e9curis\u00e9 pour vos fichiers avec l\u2019association, afin qu\u2019ils soient diffus\u00e9s sur la boutique associative en ligne \u00ab&nbsp;MDLR STORE&nbsp;\u00bb. Le service de partage est \u00e0 cette adresse <a href=\"https:\/\/www.ministeredelareconciliation.fr\/mdlrstorepartenaires\/\">https:\/\/www.ministeredelareconciliation.fr\/mdlrstorepartenaires\/<\/a><\/p>\n\n\n\n<p class=\"has-white-color has-black-background-color has-text-color has-background has-link-color wp-elements-ea072d1974536d4173946c935f8caf72\">2- \u00c0 la cr\u00e9ation d\u2019un espace d\u00e9di\u00e9 sur la boutique associative en ligne \u00ab&nbsp;MDLR STORE&nbsp;\u00bb, qui sera nomm\u00e9 selon votre choix, exemple \u00ab&nbsp;Ph\u00e9nix shop !&nbsp;\u00bb. Cette espace web sur notre boutique associative en ligne \u00ab&nbsp;MDLR STORE&nbsp;\u00bb, accueillera vos futurs produits. Ils seront aussi pr\u00e9sents dans les divers produits disponibles de la boutique associative en ligne \u00ab&nbsp;MDLR STORE&nbsp;\u00bb.<\/p>\n\n\n\n<p class=\"has-white-color has-cyan-bluish-gray-background-color has-text-color has-background has-link-color wp-elements-8ba4a6494623c82b4f80d35f4cf7331d\">3- Au stockage de vos produits dans la limite de 100 MO pour 5 livres de 300 pages chacun et dont le poids de chaque livre ne d\u00e9passe pas 30 Mo. \/ Dans la limite de 3 albums de gospel de 100 MO chacun au format MP3 uniquement. Ou 48 morceaux de 6 MO maximum chacun au format MP3. \/ Dans la limite de 3 vid\u00e9os de 540p au format MP4, de 3,3 gigas maximum chacun. Vous \u00eates responsable aupr\u00e8s de vos clients et juridiquement pour la garantie, le remboursement en cas de litige et la gestion des litiges, la qualit\u00e9 des fichiers ainsi que la gestion du SAV.<\/p>\n\n\n\n<p>Si vous souhaitez augmenter votre capacit\u00e9 de vente num\u00e9rique suppl\u00e9mentaire de 100 MO pour les livres \/ de 100 MO pour les audio \/ et 10 gigas pour la vid\u00e9o, un montant de 10\u20ac suppl\u00e9mentaire vous sera demand\u00e9.<\/p>\n\n\n\n<p>Pour les t\u00e9l\u00e9chargements de vos fichiers, nous vous conseillons de ne pas utiliser Firefox mais un autre navigateur pour le \u00ab\u00a0<strong>MDLR STORE PARTENAIRES<\/strong>\u00a0\u00bb : <a href=\"https:\/\/www.ministeredelareconciliation.fr\/mdlrstorepartenaires\/\" target=\"_blank\" rel=\"noreferrer noopener\">https:\/\/www.ministeredelareconciliation.fr\/mdlrstorepartenaires\/ <\/a><\/p>\n\n\n\n<h3 class=\"wp-block-heading\"><strong>B) <strong>FORMULE VENTE NUM\u00c9RIQUE 2 \/<\/strong> Les ventes num\u00e9riques dont les fichiers sont stock\u00e9s sur votre propre serveur<\/strong>. <strong>Montant 12\u20ac\/ mois sans engagement.<\/strong><\/h3>\n\n\n\n<p>Si vous souhaitez utiliser votre propre serveur afin de stocker plus de fichiers num\u00e9riques, cela est possible. Mais cette formule est uniquement r\u00e9serv\u00e9 aux \u00e9glises, biblioth\u00e8ques et entreprises chr\u00e9tiennes.<\/p>\n\n\n\n<p>Pour des raisons de s\u00e9curit\u00e9 informatique, nous vous demanderons des informations pr\u00e9cises sur votre structure avant de permettre \u00e0 vos fichiers de transiter par notre boutique \u00e0 chaque vente. <\/p>\n\n\n\n<p>De plus, vous devrez configurer votre serveur, afin que notre boutique puisse ex\u00e9cuter le ou les t\u00e9l\u00e9chargements sans interruptions et veiller \u00e0 ce que votre serveur soit s\u00e9curis\u00e9 et vos fichiers ne soient pas corrompus.<\/p>\n\n\n\n<p>Un formulaire d\u00e9di\u00e9 \u00e0 cette formule, est disponible en t\u00e9l\u00e9chargement \u00e0 cette adresse (<em><strong>formulaire bient\u00f4t disponible)<\/strong><\/em>, il est \u00e0 compl\u00e9ter et \u00e0 nous le renvoyer \u00e0 l\u2019adresse mail suivante \u00ab&nbsp;<a href=\"mailto:contact@ministeredelareconciliation.fr\">contact@ministeredelareconciliation.fr<\/a> \u00bb : .<\/p>\n\n\n\n<p>Le montant est de 12\u20ac\/mois, il est valable uniquement pour un mois renouvelable et cela vous donne acc\u00e8s :<\/p>\n\n\n\n<p class=\"has-white-color has-cyan-bluish-gray-background-color has-text-color has-background has-link-color wp-elements-65b7307cbc5fdb9d0a608e7b70857820\">1- \u00c0 un service de partage s\u00e9curis\u00e9 pour les photos de vos produits avec l\u2019association, afin qu\u2019ils soient diffus\u00e9s sur la boutique associative en ligne \u00ab&nbsp;MDLR STORE&nbsp;\u00bb. Le service de partage est \u00e0 cette adresse <a href=\"https:\/\/www.ministeredelareconciliation.fr\/mdlrstorepartenaires\/\">https:\/\/www.ministeredelareconciliation.fr\/mdlrstorepartenaires\/<\/a><\/p>\n\n\n\n<p class=\"has-white-color has-black-background-color has-text-color has-background has-link-color wp-elements-128fb7893590c8525648fa7d9b5f4129\">2- \u00c0 la cr\u00e9ation d\u2019un espace d\u00e9di\u00e9 sur la boutique associative en ligne \u00ab&nbsp;MDLR STORE&nbsp;\u00bb, qui sera nomm\u00e9 selon votre choix, exemple \u00ab&nbsp;Ph\u00e9nix shop !&nbsp;\u00bb. Cet espace web sur notre boutique associative en ligne \u00ab&nbsp;MDLR STORE&nbsp;\u00bb, accueillera vos futurs produits. Ils seront aussi pr\u00e9sents dans les divers produits disponibles de la boutique associative en ligne \u00ab&nbsp;MDLR STORE&nbsp;\u00bb.<\/p>\n\n\n\n<p class=\"has-white-color has-cyan-bluish-gray-background-color has-text-color has-background has-link-color wp-elements-ff177bdb806acb92c96af209e36b27b4\">3- Au stockage des photos de vos produits dans la limite de 500 MO. Vous \u00eates responsable aupr\u00e8s de vos clients et juridiquement pour la garantie, le remboursement en cas de litige et la gestion des litiges, le d\u00e9lai des t\u00e9l\u00e9chargements, la qualit\u00e9 des fichiers ainsi que la gestion du SAV.<\/p>\n\n\n\n<p>Pour les t\u00e9l\u00e9chargements de vos fichiers, nous vous conseillons de ne pas utiliser Firefox mais un autre navigateur pour le \u00ab\u00a0<strong>MDLR STORE PARTENAIRES<\/strong>\u00a0\u00bb : <a href=\"https:\/\/www.ministeredelareconciliation.fr\/mdlrstorepartenaires\/\" target=\"_blank\" rel=\"noreferrer noopener\">https:\/\/www.ministeredelareconciliation.fr\/mdlrstorepartenaires\/<\/a><\/p>\n\n\n\n<h3 class=\"wp-block-heading\"><strong>C) <strong><strong>FORMULE VENTE PHYSIQUE \/<\/strong><\/strong> Les ventes de produits physiques. Montant 10\u20ac\/ mois sans engagement.<\/strong><\/h3>\n\n\n\n<p>Le montant de 10\u20ac est valable uniquement pour un mois renouvelable et cela vous donne acc\u00e8s :<\/p>\n\n\n\n<p class=\"has-white-color has-cyan-bluish-gray-background-color has-text-color has-background has-link-color wp-elements-34863f2a447e7d18aee056eadcf44dfc\">1- \u00c0 un service de partage s\u00e9curis\u00e9 pour vos photos de produits avec l\u2019association, afin qu\u2019ils soient diffus\u00e9s sur boutique associative en ligne \u00ab&nbsp;MDLR STORE&nbsp;\u00bb. Le service de partage est \u00e0 cette adresse <a href=\"https:\/\/www.ministeredelareconciliation.fr\/mdlrstorepartenaires\/\">https:\/\/www.ministeredelareconciliation.fr\/mdlrstorepartenaires\/<\/a><\/p>\n\n\n\n<p class=\"has-white-color has-black-background-color has-text-color has-background has-link-color wp-elements-128fb7893590c8525648fa7d9b5f4129\">2- \u00c0 la cr\u00e9ation d\u2019un espace d\u00e9di\u00e9 sur la boutique associative en ligne \u00ab&nbsp;MDLR STORE&nbsp;\u00bb, qui sera nomm\u00e9 selon votre choix, exemple \u00ab&nbsp;Ph\u00e9nix shop !&nbsp;\u00bb. Cet espace web sur notre boutique associative en ligne \u00ab&nbsp;MDLR STORE&nbsp;\u00bb, accueillera vos futurs produits. Ils seront aussi pr\u00e9sents dans les divers produits disponibles de la boutique associative en ligne \u00ab&nbsp;MDLR STORE&nbsp;\u00bb.<\/p>\n\n\n\n<p class=\"has-white-color has-cyan-bluish-gray-background-color has-text-color has-background has-link-color wp-elements-80294e6d9c3e2966eda1607cf8a33b6a\">3- Au stockage des photos de vos produits dans la limite de 500 MO. La vente des produits physiques est g\u00e9r\u00e9e par la boutique associative en ligne \u00ab\u00a0MDLR STORE\u00a0\u00bb, mais le stock de ces produits est g\u00e9r\u00e9 par vos soin. L\u2019association ne propose aucune gestion de stock, la boutique associative en ligne \u00ab\u00a0MDLR STORE\u00a0\u00bb agira comme mandataire pour la vente. La quantit\u00e9 de stock sera visible et dynamique afin de coller au plus pr\u00e8s de votre stock physique. Vous \u00eates responsable aupr\u00e8s de vos clients et juridiquement pour la garantie, la gestion des stocks, le remboursement en cas de litige et la gestion des litiges, la livraison des produits ainsi que la gestion du SAV.<\/p>\n\n\n\n<p>Pour les t\u00e9l\u00e9chargements de vos fichiers, nous vous conseillons de ne pas utiliser Firefox mais un autre navigateur pour le \u00ab\u00a0<strong>MDLR STORE PARTENAIRES<\/strong>\u00a0\u00bb : <a href=\"https:\/\/www.ministeredelareconciliation.fr\/mdlrstorepartenaires\/\" target=\"_blank\" rel=\"noreferrer noopener\">https:\/\/www.ministeredelareconciliation.fr\/mdlrstorepartenaires\/<\/a><\/p>\n\n\n\n<h2 class=\"wp-block-heading\"><strong>ARTICLE 3 : LE PRIX DE VENTE DES PRODUITS ET LES MOYENS DE PAIEMENT.<\/strong><\/h2>\n\n\n\n<p>\u00c9tant une association \u00e0 but non-lucratif, les produits mis en vente sur la boutique associative en ligne \u00ab&nbsp;MDLR STORE&nbsp;\u00bb, sont affich\u00e9s en HT.<\/p>\n\n\n\n<p>Le tarif de livraison pour les produits \u00e0 livrer sera affich\u00e9 et dissoci\u00e9 du prix de vente. Des promotions pourront \u00eatre associ\u00e9es \u00e0 votre demande.<\/p>\n\n\n\n<p>Nous vous invitons \u00e0 nous communiquer pour les produits physiques : (1) le prix de vente, (2) le tarif de livraison selon les diff\u00e9rentes destinations ou vous pensez envoyer vos produits.<\/p>\n\n\n\n<p>L\u2019association M.D.L.R. n\u2019est pas soumise \u00e0 la TVA, mais vous en tant que vendeur partenaire vous l\u2019\u00eates. Nous vous invitons \u00e0 d\u00e9clarer vos ventes aupr\u00e8s des autorit\u00e9s comp\u00e9tentes.<\/p>\n\n\n\n<p>Nous utilisons le service de PayPal pour g\u00e9rer les paiements par CB et compte PayPal, nous proposons aussi le virement bancaire pour les achats.<\/p>\n\n\n\n<p>Pour toutes les transactions via PayPal, une commission sera prise par notre partenaire PayPal. Ce qui veut dire que votre prix de vente avec ou sans livraison sera imput\u00e9 par des frais de commissions de PayPal. Nous ne sommes pas en mesure de vous communiquer en amont le montant de ces frais. Mais ils seront disponibles sur chaque facture \u00e9tablie par PayPal.<\/p>\n\n\n\n<p>L\u2019association M.D.L.R. ne prend aucune commission sur les ventes de vos produits, il n\u2019y a aucun syst\u00e8me de r\u00e9mun\u00e9ration, car l&rsquo;association M.D.L.R. est \u00e0 but non-lucratif.<\/p>\n\n\n\n<p>Les prix de vente de vos produits sont sous votre responsabilit\u00e9, nous vous demandons juste d&rsquo;\u00eatre raisonnable.<\/p>\n\n\n\n<h2 class=\"wp-block-heading\"><strong>ARTICLE 4 : LE TRANSFERT DU MONTANT DES PRODUITS VENDUS DES VENTES PARTENAIRES.<\/strong><\/h2>\n\n\n\n<p>Le montant de vos produits vendus depuis votre espace de vente, sur notre boutique associative en ligne \u00ab&nbsp;MDLR STORE&nbsp;\u00bb, vous sera transf\u00e9r\u00e9 en tenant compte des diverses commissions prises par notre partenaire PayPal et des frais de banque, pour les virements bancaires.<\/p>\n\n\n\n<p>Pour une gestion plus simple des transferts, nous vous invitons \u00e0 utiliser un compte PayPal et \u00e0 nous fournir un lien PayPal.<\/p>\n\n\n\n<p class=\"has-text-align-center\">\u2014\u2014\u2014\u2014\u2014\u2014\u2014\u2014\u2014\u2014\u2014\u2014\u2014\u2014\u2014\u2014\u2014\u2014\u2014\u2014\u2014\u2014\u2014\u2014\u2014\u2014\u2014\u2014\u2014\u2014\u2014\u2014\u2014\u2014\u2014\u2014\u2014\u2014\u2014\u2014\u2014<\/p>\n\n\n\n<h3 class=\"wp-block-heading\"><strong>CES CONDITIONS ONT \u00c9T\u00c9 MISES \u00c0 JOUR LE 19\/12\/2023.<\/strong><\/h3>\n\n\n\n<p>SI VOUS CONSTATEZ UNE INCOMPATIBILIT\u00c9 JURIDIQUE SUR CES CONDITIONS, NOUS VOUS SERIONS RECONNAISSANTS DE NOUS EN FAIRE PART. <\/p>\n\n\n\n<p>L\u2019ASSOCIATION M.D.L.R. EST CONDUITE ET G\u00c9R\u00c9E QUE PAR DES B\u00c9N\u00c9VOLES ET NON PAR DES PROFESSIONNELLES DE LA VENTE.<\/p>\n\n\n\n<p>QUE DIEU VOUS B\u00c9NISSE.<\/p>\n\n\n\n<p>L\u2019\u00c9QUIPE DE GESTION<\/p>\n","protected":false},"excerpt":{"rendered":"<p>Le MDLR STORE PARTENAIRES, est un partenariat que l\u2019association M.D.L.R. propose aux \u00e9glises, serviteurs et servantes de Dieu ainsi qu&rsquo;aux disciples de Christ, qui souhaitent vendre sur notre boutique associative en ligne \u00ab&nbsp;MDLR STORE&nbsp;\u00bb, des livres, albums, cours, enseignements et autres produits \u00e0 la destination du monde chr\u00e9tien. Nous mettons \u00e0 votre disposition notre boutique [&hellip;]<\/p>\n","protected":false},"author":1,"featured_media":0,"parent":0,"menu_order":0,"comment_status":"closed","ping_status":"closed","template":"","meta":{"footnotes":""},"class_list":["post-267","page","type-page","status-publish","hentry"],"jetpack_sharing_enabled":true,"jetpack_likes_enabled":true,"_links":{"self":[{"href":"https:\/\/www.ministeredelareconciliation.fr\/mdlrstore\/index.php?rest_route=\/wp\/v2\/pages\/267","targetHints":{"allow":["GET"]}}],"collection":[{"href":"https:\/\/www.ministeredelareconciliation.fr\/mdlrstore\/index.php?rest_route=\/wp\/v2\/pages"}],"about":[{"href":"https:\/\/www.ministeredelareconciliation.fr\/mdlrstore\/index.php?rest_route=\/wp\/v2\/types\/page"}],"author":[{"embeddable":true,"href":"https:\/\/www.ministeredelareconciliation.fr\/mdlrstore\/index.php?rest_route=\/wp\/v2\/users\/1"}],"replies":[{"embeddable":true,"href":"https:\/\/www.ministeredelareconciliation.fr\/mdlrstore\/index.php?rest_route=%2Fwp%2Fv2%2Fcomments&post=267"}],"version-history":[{"count":7,"href":"https:\/\/www.ministeredelareconciliation.fr\/mdlrstore\/index.php?rest_route=\/wp\/v2\/pages\/267\/revisions"}],"predecessor-version":[{"id":277,"href":"https:\/\/www.ministeredelareconciliation.fr\/mdlrstore\/index.php?rest_route=\/wp\/v2\/pages\/267\/revisions\/277"}],"wp:attachment":[{"href":"https:\/\/www.ministeredelareconciliation.fr\/mdlrstore\/index.php?rest_route=%2Fwp%2Fv2%2Fmedia&parent=267"}],"curies":[{"name":"wp","href":"https:\/\/api.w.org\/{rel}","templated":true}]}}