{"id":151,"date":"2022-03-04T12:16:08","date_gmt":"2022-03-04T11:16:08","guid":{"rendered":"https:\/\/www.ministeredelareconciliation.fr\/mdlrstore\/?post_type=product&#038;p=151"},"modified":"2023-12-21T14:46:30","modified_gmt":"2023-12-21T13:46:30","slug":"audio-culte-de-priere-du-18-02-2022","status":"publish","type":"product","link":"https:\/\/www.ministeredelareconciliation.fr\/mdlrstore\/?product=audio-culte-de-priere-du-18-02-2022","title":{"rendered":"AUDIO CULTE DE PRIERE DU 18 02 2022 &#8211; PASTEUR SERGE BRUN"},"content":{"rendered":"<p>Fichier MP3 de l&rsquo;enseignement du culte de pri\u00e8re dirig\u00e9 par le pasteur Serge.<\/p>\n<p>Cet enseignement a pour but :<\/p>\n<ul>\n<li>De donner des directions spirituelles dans notre vie afin de suivre le Seigneur comme il le veut.<\/li>\n<li>De corriger des choses dans notre vie spirituelle.<\/li>\n<li>D&rsquo;avoir des portes ouvertes dans notre vie.<\/li>\n<li>D&rsquo;avoir des victoires et des perc\u00e9s dans des domaines pr\u00e9cis.<\/li>\n<li>Vous pourrez \u00e9couter et r\u00e9\u00e9couter ce message autant de fois que vous le souhaitez, car apr\u00e8s l&rsquo;avoir achet\u00e9 vous pourrez le t\u00e9l\u00e9charger, plus besoin de l&rsquo;\u00e9couter en streaming sur notre site.<\/li>\n<\/ul>\n<p>Le t\u00e9l\u00e9chargement est instantan\u00e9 tout de suite apr\u00e8s l&rsquo;achat par CB ou Paypal.<br \/>\nPar virement bancaire le t\u00e9l\u00e9chargement sera disponible apr\u00e8s r\u00e9ception des fonds.<\/p>\n<p>Si l&rsquo;achat ne fonctionne pas avec PayPal pensez \u00e0 l&rsquo;achat par virement bancaire en cochant l&rsquo;option.<\/p>\n<p>(Cet achat va nous aider dans les buts et le fonctionnement de l&rsquo;association M.D.L.R)<\/p>\n<p><strong>\u00ab\u00a0VENTE M.D.L.R.\u00a0\u00bb<\/strong><\/p>\n","protected":false},"excerpt":{"rendered":"<p>Enseignement du culte de pri\u00e8re du 18\/02\/2022 disponible \u00e0 l&rsquo;achat.<\/p>\n<p><strong>R\u00e9f\u00e9rence article :\u00a0<span style=\"color: #ff0000;\">VENTE M.D.L.R.-44624-ID-151<\/span><\/strong><\/p>\n","protected":false},"featured_media":113,"comment_status":"open","ping_status":"closed","template":"","meta":[],"product_brand":[],"product_cat":[22],"product_tag":[37],"class_list":{"0":"post-151","1":"product","2":"type-product","3":"status-publish","4":"has-post-thumbnail","6":"product_cat-culte-de-priere-pasteur-serge-brun","7":"product_tag-audio-culte-de-priere-du-18-02-2022","9":"first","10":"instock","11":"downloadable","12":"sold-individually","13":"purchasable","14":"product-type-simple"},"jetpack_sharing_enabled":true,"jetpack_likes_enabled":true,"_links":{"self":[{"href":"https:\/\/www.ministeredelareconciliation.fr\/mdlrstore\/index.php?rest_route=\/wp\/v2\/product\/151","targetHints":{"allow":["GET"]}}],"collection":[{"href":"https:\/\/www.ministeredelareconciliation.fr\/mdlrstore\/index.php?rest_route=\/wp\/v2\/product"}],"about":[{"href":"https:\/\/www.ministeredelareconciliation.fr\/mdlrstore\/index.php?rest_route=\/wp\/v2\/types\/product"}],"replies":[{"embeddable":true,"href":"https:\/\/www.ministeredelareconciliation.fr\/mdlrstore\/index.php?rest_route=%2Fwp%2Fv2%2Fcomments&post=151"}],"wp:featuredmedia":[{"embeddable":true,"href":"https:\/\/www.ministeredelareconciliation.fr\/mdlrstore\/index.php?rest_route=\/wp\/v2\/media\/113"}],"wp:attachment":[{"href":"https:\/\/www.ministeredelareconciliation.fr\/mdlrstore\/index.php?rest_route=%2Fwp%2Fv2%2Fmedia&parent=151"}],"wp:term":[{"taxonomy":"product_brand","embeddable":true,"href":"https:\/\/www.ministeredelareconciliation.fr\/mdlrstore\/index.php?rest_route=%2Fwp%2Fv2%2Fproduct_brand&post=151"},{"taxonomy":"product_cat","embeddable":true,"href":"https:\/\/www.ministeredelareconciliation.fr\/mdlrstore\/index.php?rest_route=%2Fwp%2Fv2%2Fproduct_cat&post=151"},{"taxonomy":"product_tag","embeddable":true,"href":"https:\/\/www.ministeredelareconciliation.fr\/mdlrstore\/index.php?rest_route=%2Fwp%2Fv2%2Fproduct_tag&post=151"}],"curies":[{"name":"wp","href":"https:\/\/api.w.org\/{rel}","templated":true}]}}