{"id":264,"date":"2023-12-14T15:06:22","date_gmt":"2023-12-14T14:06:22","guid":{"rendered":"https:\/\/www.ministeredelareconciliation.fr\/mdlrstore\/?post_type=product&#038;p=264"},"modified":"2023-12-21T11:25:08","modified_gmt":"2023-12-21T10:25:08","slug":"cours-daffermissements","status":"publish","type":"product","link":"https:\/\/www.ministeredelareconciliation.fr\/mdlrstore\/?product=cours-daffermissements","title":{"rendered":"COURS D&rsquo;AFFERMISSEMENTS"},"content":{"rendered":"<p>La vision se porte sur le fait d\u2019unir les enfants de Dieu sur une seule et m\u00eame parole de v\u00e9rit\u00e9.<br \/>\nS\u2019affermir sur les fondamentaux de la parole Dieu.<br \/>\nPour que nous ne soyons plus des enfants, flottants et emport\u00e9s \u00e0 tout vent de doctrine, par la tromperie des hommes, par leur ruse dans les moyens de s\u00e9duction.<br \/>\nPour la paix avec tous, et la sanctification, sans laquelle personne ne verra le Seigneur.<br \/>\nNous vous y attendons nombreux .<br \/>\nQue Dieu vous b\u00e9nisse abondamment dans le nom de J\u00e9sus-Christ.<\/p>\n<p>Pasteurs Elsa &amp; Alain Jo\u00ebl REMBENDAMBYA.<\/p>\n<p><strong>DIRECTEMENT SUR LA BOUTIQUE MDLR STORE VIA NOTRE ESPACE \u00ab\u00a0M.E.E.C. SHOP !\u00a0\u00bb, EN PROFITANT D&rsquo;UN TARIF PROMOTIONNEL DE 75\u20ac, AU LIEU DE 80\u20ac (\u00c0 RAISON DE 18,75\u20ac\/ MOIS DURANT 4 MOIS, POUR UN MONTANT TOTAL DE 75\u20ac)<\/strong><\/p>\n<p><strong>POUR PROFITER DE L&rsquo;OFFRE PROMOTIONNELLE, VEUILLEZ INDIQUER LA R\u00c9F\u00c9RENCE SUIVANTE LORS VOTRE PRISE DE CONTACT AVEC L&rsquo;\u00c9QUIPE DE L&rsquo;\u00c9GLISE M.E.E.C. : <\/strong><span style=\"color: #ff0000;\">VENTE PARTENAIRE-45274-ID-264<\/span><\/p>\n<p>&nbsp;<\/p>\n<p><strong>\u201cVENTE PARTENAIRE\u201d<\/strong><\/p>\n","protected":false},"excerpt":{"rendered":"<p><img loading=\"lazy\" decoding=\"async\" class=\"alignnone wp-image-263\" src=\"https:\/\/www.ministeredelareconciliation.fr\/mdlrstore\/wp-content\/uploads\/2023\/12\/WhatsApp-Image-2023-12-14-at-14.50.53-300x300.jpeg\" alt=\"\" width=\"124\" height=\"124\" srcset=\"https:\/\/i0.wp.com\/www.ministeredelareconciliation.fr\/mdlrstore\/wp-content\/uploads\/2023\/12\/WhatsApp-Image-2023-12-14-at-14.50.53.jpeg?resize=300%2C300&amp;ssl=1 300w, https:\/\/i0.wp.com\/www.ministeredelareconciliation.fr\/mdlrstore\/wp-content\/uploads\/2023\/12\/WhatsApp-Image-2023-12-14-at-14.50.53.jpeg?resize=150%2C150&amp;ssl=1 150w, https:\/\/i0.wp.com\/www.ministeredelareconciliation.fr\/mdlrstore\/wp-content\/uploads\/2023\/12\/WhatsApp-Image-2023-12-14-at-14.50.53.jpeg?resize=768%2C768&amp;ssl=1 768w, https:\/\/i0.wp.com\/www.ministeredelareconciliation.fr\/mdlrstore\/wp-content\/uploads\/2023\/12\/WhatsApp-Image-2023-12-14-at-14.50.53.jpeg?resize=600%2C600&amp;ssl=1 600w, https:\/\/i0.wp.com\/www.ministeredelareconciliation.fr\/mdlrstore\/wp-content\/uploads\/2023\/12\/WhatsApp-Image-2023-12-14-at-14.50.53.jpeg?resize=100%2C100&amp;ssl=1 100w, https:\/\/i0.wp.com\/www.ministeredelareconciliation.fr\/mdlrstore\/wp-content\/uploads\/2023\/12\/WhatsApp-Image-2023-12-14-at-14.50.53.jpeg?w=1024&amp;ssl=1 1024w\" sizes=\"auto, (max-width: 124px) 100vw, 124px\" \/><\/p>\n<p>La vision se porte sur le fait d\u2019unir les enfants de Dieu sur une seule et m\u00eame parole de v\u00e9rit\u00e9.<br \/>\nS\u2019affermir sur les fondamentaux de la parole Dieu.<\/p>\n<p><strong>POUR PROFITER DE L&rsquo;OFFRE PROMOTIONNELLE, VEUILLEZ INDIQUER LA R\u00c9F\u00c9RENCE SUIVANTE LORS VOTRE PRISE DE CONTACT AVEC L&rsquo;\u00c9QUIPE DE L&rsquo;\u00c9GLISE M.E.E.C. : <span style=\"color: #ff0000;\">VENTE PARTENAIRE-45274-ID-264<\/span><\/strong><\/p>\n[embed]https:\/\/www.ministeredelareconciliation.fr\/PUBLICITES\/COURS_D\u2019AFFERMISSEMENTS_.mp4[\/embed]\n","protected":false},"featured_media":260,"comment_status":"open","ping_status":"closed","template":"","meta":[],"product_brand":[],"product_cat":[49],"product_tag":[50],"class_list":{"0":"post-264","1":"product","2":"type-product","3":"status-publish","4":"has-post-thumbnail","6":"product_cat-m-e-e-c-shop","7":"product_tag-cours-daffermissements","9":"first","10":"instock","11":"sale","12":"sold-individually","13":"product-type-external"},"jetpack_sharing_enabled":true,"jetpack_likes_enabled":true,"_links":{"self":[{"href":"https:\/\/www.ministeredelareconciliation.fr\/mdlrstore\/index.php?rest_route=\/wp\/v2\/product\/264","targetHints":{"allow":["GET"]}}],"collection":[{"href":"https:\/\/www.ministeredelareconciliation.fr\/mdlrstore\/index.php?rest_route=\/wp\/v2\/product"}],"about":[{"href":"https:\/\/www.ministeredelareconciliation.fr\/mdlrstore\/index.php?rest_route=\/wp\/v2\/types\/product"}],"replies":[{"embeddable":true,"href":"https:\/\/www.ministeredelareconciliation.fr\/mdlrstore\/index.php?rest_route=%2Fwp%2Fv2%2Fcomments&post=264"}],"wp:featuredmedia":[{"embeddable":true,"href":"https:\/\/www.ministeredelareconciliation.fr\/mdlrstore\/index.php?rest_route=\/wp\/v2\/media\/260"}],"wp:attachment":[{"href":"https:\/\/www.ministeredelareconciliation.fr\/mdlrstore\/index.php?rest_route=%2Fwp%2Fv2%2Fmedia&parent=264"}],"wp:term":[{"taxonomy":"product_brand","embeddable":true,"href":"https:\/\/www.ministeredelareconciliation.fr\/mdlrstore\/index.php?rest_route=%2Fwp%2Fv2%2Fproduct_brand&post=264"},{"taxonomy":"product_cat","embeddable":true,"href":"https:\/\/www.ministeredelareconciliation.fr\/mdlrstore\/index.php?rest_route=%2Fwp%2Fv2%2Fproduct_cat&post=264"},{"taxonomy":"product_tag","embeddable":true,"href":"https:\/\/www.ministeredelareconciliation.fr\/mdlrstore\/index.php?rest_route=%2Fwp%2Fv2%2Fproduct_tag&post=264"}],"curies":[{"name":"wp","href":"https:\/\/api.w.org\/{rel}","templated":true}]}}